	{"id":32921,"date":"2021-05-05T09:13:36","date_gmt":"2021-05-05T13:13:36","guid":{"rendered":"https:\/\/pipiaulit.com\/dry4ever\/?page_id=32921"},"modified":"2021-05-08T10:52:57","modified_gmt":"2021-05-08T14:52:57","slug":"systeme_culotte_disc","status":"publish","type":"page","link":"https:\/\/pipiaulit.com\/dry4ever\/systeme_culotte_disc\/","title":{"rendered":"Syst\u00e8me Culotte discontinu\u00e9"},"content":{"rendered":"<p>[et_pb_section fb_built=\u00a0\u00bb1&Prime; _builder_version=\u00a0\u00bb4.9.4&Prime; _module_preset=\u00a0\u00bbdefault\u00a0\u00bb custom_padding=\u00a0\u00bb28px||21px|||\u00a0\u00bb da_disable_devices=\u00a0\u00bboff|off|off\u00a0\u00bb da_is_popup=\u00a0\u00bboff\u00a0\u00bb da_exit_intent=\u00a0\u00bboff\u00a0\u00bb da_has_close=\u00a0\u00bbon\u00a0\u00bb da_alt_close=\u00a0\u00bboff\u00a0\u00bb da_dark_close=\u00a0\u00bboff\u00a0\u00bb da_not_modal=\u00a0\u00bbon\u00a0\u00bb da_is_singular=\u00a0\u00bboff\u00a0\u00bb da_with_loader=\u00a0\u00bboff\u00a0\u00bb da_has_shadow=\u00a0\u00bbon\u00a0\u00bb][et_pb_row _builder_version=\u00a0\u00bb4.9.4&Prime; _module_preset=\u00a0\u00bbdefault\u00a0\u00bb background_color=\u00a0\u00bb#d9fad9&Prime; box_shadow_style=\u00a0\u00bbpreset2&Prime;][et_pb_column type=\u00a0\u00bb4_4&Prime; _builder_version=\u00a0\u00bb4.9.4&Prime; _module_preset=\u00a0\u00bbdefault\u00a0\u00bb][et_pb_text _builder_version=\u00a0\u00bb4.9.4&Prime; _module_preset=\u00a0\u00bbdefault\u00a0\u00bb text_font=\u00a0\u00bb|600|||||||\u00a0\u00bb text_font_size=\u00a0\u00bb24px\u00a0\u00bb text_line_height=\u00a0\u00bb1.8em\u00a0\u00bb header_3_font=\u00a0\u00bb|700||on||||#0C71C3|dashed\u00a0\u00bb header_3_text_color=\u00a0\u00bb#0C71C3&Prime; header_3_font_size=\u00a0\u00bb30px\u00a0\u00bb text_orientation=\u00a0\u00bbcenter\u00a0\u00bb custom_margin=\u00a0\u00bb||12px|||\u00a0\u00bb custom_padding=\u00a0\u00bb24px||14px||false|false\u00a0\u00bb header_3_text_shadow_style=\u00a0\u00bbpreset3&Prime; border_color_top=\u00a0\u00bb#0C71C3&Prime; border_color_bottom=\u00a0\u00bb#0C71C3&Prime;]<\/p>\n<h3>MESSAGE IMPORTANT<\/h3>\n<p>Notre syst\u00e8me avertisseur Dry4ever avec Culottes n&rsquo;est plus disponible.<br \/>Si vous en avez un en mains, vous pouvez commander les pi\u00e8ces et accessoires compatibles.<\/p>\n<p>[\/et_pb_text][et_pb_button button_url=\u00a0\u00bbhttps:\/\/pipiaulit.com\/product-category\/accessoires\/\u00a0\u00bb button_text=\u00a0\u00bbPi\u00e8ces et accessoires\u00a0\u00bb button_alignment=\u00a0\u00bbcenter\u00a0\u00bb _builder_version=\u00a0\u00bb4.9.4&Prime; _module_preset=\u00a0\u00bbdefault\u00a0\u00bb custom_button=\u00a0\u00bbon\u00a0\u00bb button_text_color=\u00a0\u00bb#0C71C3&Prime;][\/et_pb_button][\/et_pb_column][\/et_pb_row][\/et_pb_section][et_pb_section fb_built=\u00a0\u00bb1&Prime; _builder_version=\u00a0\u00bb4.9.4&Prime; _module_preset=\u00a0\u00bbdefault\u00a0\u00bb da_disable_devices=\u00a0\u00bboff|off|off\u00a0\u00bb da_is_popup=\u00a0\u00bboff\u00a0\u00bb da_exit_intent=\u00a0\u00bboff\u00a0\u00bb da_has_close=\u00a0\u00bbon\u00a0\u00bb da_alt_close=\u00a0\u00bboff\u00a0\u00bb da_dark_close=\u00a0\u00bboff\u00a0\u00bb da_not_modal=\u00a0\u00bbon\u00a0\u00bb da_is_singular=\u00a0\u00bboff\u00a0\u00bb da_with_loader=\u00a0\u00bboff\u00a0\u00bb da_has_shadow=\u00a0\u00bbon\u00a0\u00bb][et_pb_row _builder_version=\u00a0\u00bb4.9.4&Prime; _module_preset=\u00a0\u00bbdefault\u00a0\u00bb background_color=\u00a0\u00bb#d9fad9&Prime; use_background_color_gradient=\u00a0\u00bbon\u00a0\u00bb background_color_gradient_start=\u00a0\u00bb#ffffff\u00a0\u00bb background_color_gradient_end=\u00a0\u00bb#38dbf3&Prime; background_color_gradient_start_position=\u00a0\u00bb54%\u00a0\u00bb box_shadow_style=\u00a0\u00bbpreset2&Prime;][et_pb_column type=\u00a0\u00bb4_4&Prime; _builder_version=\u00a0\u00bb4.9.4&Prime; _module_preset=\u00a0\u00bbdefault\u00a0\u00bb][et_pb_text _builder_version=\u00a0\u00bb4.9.4&Prime; _module_preset=\u00a0\u00bbdefault\u00a0\u00bb text_font=\u00a0\u00bb|600|||||||\u00a0\u00bb text_font_size=\u00a0\u00bb24px\u00a0\u00bb text_line_height=\u00a0\u00bb1.6em\u00a0\u00bb link_font=\u00a0\u00bb|600|||||||\u00a0\u00bb link_text_color=\u00a0\u00bb#0C71C3&Prime; header_3_font=\u00a0\u00bb|600||||||#0C71C3|dashed\u00a0\u00bb header_3_text_color=\u00a0\u00bb#555555&Prime; header_3_font_size=\u00a0\u00bb48px\u00a0\u00bb header_3_line_height=\u00a0\u00bb1.4em\u00a0\u00bb text_orientation=\u00a0\u00bbcenter\u00a0\u00bb custom_margin=\u00a0\u00bb||12px|||\u00a0\u00bb custom_padding=\u00a0\u00bb24px||14px||false|false\u00a0\u00bb header_3_text_shadow_style=\u00a0\u00bbpreset3&Prime; border_color_top=\u00a0\u00bb#0C71C3&Prime; border_color_bottom=\u00a0\u00bb#0C71C3&Prime;]<\/p>\n<h3>Voici notre nouveau Syst\u00e8me<br \/>Dry4ever bandes !<\/h3>\n<p>[\/et_pb_text][\/et_pb_column][\/et_pb_row][et_pb_row column_structure=\u00a0\u00bb1_2,1_2&Prime; _builder_version=\u00a0\u00bb4.9.4&Prime; _module_preset=\u00a0\u00bbdefault\u00a0\u00bb custom_margin=\u00a0\u00bb20px||20px||false|false\u00a0\u00bb][et_pb_column type=\u00a0\u00bb1_2&Prime; _builder_version=\u00a0\u00bb4.9.4&Prime; _module_preset=\u00a0\u00bbdefault\u00a0\u00bb][et_pb_text _builder_version=\u00a0\u00bb4.9.4&Prime; _module_preset=\u00a0\u00bbdefault\u00a0\u00bb text_font=\u00a0\u00bb|600|||||||\u00a0\u00bb text_font_size=\u00a0\u00bb24px\u00a0\u00bb text_line_height=\u00a0\u00bb1.6em\u00a0\u00bb link_font=\u00a0\u00bb|600|||||||\u00a0\u00bb link_text_color=\u00a0\u00bb#0C71C3&Prime; link_font_size=\u00a0\u00bb32px\u00a0\u00bb link_line_height=\u00a0\u00bb1.8em\u00a0\u00bb header_3_font=\u00a0\u00bb|600||||||#0C71C3|dashed\u00a0\u00bb header_3_text_color=\u00a0\u00bb#555555&Prime; header_3_font_size=\u00a0\u00bb48px\u00a0\u00bb header_3_line_height=\u00a0\u00bb1.4em\u00a0\u00bb text_orientation=\u00a0\u00bbcenter\u00a0\u00bb custom_margin=\u00a0\u00bb||12px|||\u00a0\u00bb custom_padding=\u00a0\u00bb24px||14px||false|false\u00a0\u00bb header_3_text_shadow_style=\u00a0\u00bbpreset3&Prime; border_color_top=\u00a0\u00bb#0C71C3&Prime; border_color_bottom=\u00a0\u00bb#0C71C3&Prime;]<\/p>\n<p>Un syst\u00e8me avertisseur complet,<br \/>encore meilleur, plus confortable et flexible<br \/>avec des fonctions am\u00e9lior\u00e9es.<\/p>\n<p>Mais toujours accompagn\u00e9 de notre expertise<br \/>et support avec la<\/p>\n<h4><a href=\"https:\/\/fiche.ca\/fiche.php?no_dossier=DEMO1&amp;password=f83d0ea7cd905c420010691d446cd1d7&amp;langue=fr\"><strong>Fiche et Graphiques<\/strong><\/a><\/h4>\n<p>[\/et_pb_text][\/et_pb_column][et_pb_column type=\u00a0\u00bb1_2&Prime; _builder_version=\u00a0\u00bb4.9.4&Prime; _module_preset=\u00a0\u00bbdefault\u00a0\u00bb][et_pb_image src=\u00a0\u00bbhttps:\/\/pipiaulit.com\/dry4ever\/wp-content\/uploads\/2021\/05\/d4e-system-943&#215;640-nouveau.jpg\u00a0\u00bb title_text=\u00a0\u00bbd4e-system-943&#215;640-nouveau\u00a0\u00bb align=\u00a0\u00bbcenter\u00a0\u00bb _builder_version=\u00a0\u00bb4.9.4&Prime; _module_preset=\u00a0\u00bbdefault\u00a0\u00bb border_width_all=\u00a0\u00bb1px\u00a0\u00bb border_color_all=\u00a0\u00bb#0C71C3&Prime; border_width_top=\u00a0\u00bb1px\u00a0\u00bb box_shadow_style=\u00a0\u00bbpreset2&Prime;][\/et_pb_image][et_pb_button button_url=\u00a0\u00bbhttps:\/\/pipiaulit.com\/dry4ever\/\u00a0\u00bb button_text=\u00a0\u00bbVoir les d\u00e9tails  ou commander\u00a0\u00bb button_alignment=\u00a0\u00bbcenter\u00a0\u00bb _builder_version=\u00a0\u00bb4.9.4&Prime; _module_preset=\u00a0\u00bbdefault\u00a0\u00bb custom_button=\u00a0\u00bbon\u00a0\u00bb button_text_color=\u00a0\u00bb#0C71C3&Prime; locked=\u00a0\u00bboff\u00a0\u00bb][\/et_pb_button][\/et_pb_column][\/et_pb_row][et_pb_row _builder_version=\u00a0\u00bb4.9.4&Prime; _module_preset=\u00a0\u00bbdefault\u00a0\u00bb][et_pb_column type=\u00a0\u00bb4_4&Prime; _builder_version=\u00a0\u00bb4.9.4&Prime; _module_preset=\u00a0\u00bbdefault\u00a0\u00bb][et_pb_divider color=\u00a0\u00bb#0C71C3&Prime; divider_position=\u00a0\u00bbcenter\u00a0\u00bb _builder_version=\u00a0\u00bb4.9.4&Prime; _module_preset=\u00a0\u00bbdefault\u00a0\u00bb custom_margin=\u00a0\u00bb0px||0px||false|false\u00a0\u00bb custom_padding=\u00a0\u00bb0px||0px||false|false\u00a0\u00bb][\/et_pb_divider][\/et_pb_column][\/et_pb_row][et_pb_row column_structure=\u00a0\u00bb2_5,3_5&Prime; _builder_version=\u00a0\u00bb4.9.4&Prime; _module_preset=\u00a0\u00bbdefault\u00a0\u00bb custom_margin=\u00a0\u00bb20px|auto|-25px|auto|false|false\u00a0\u00bb custom_padding=\u00a0\u00bb||30px|||\u00a0\u00bb][et_pb_column type=\u00a0\u00bb2_5&Prime; _builder_version=\u00a0\u00bb4.9.4&Prime; _module_preset=\u00a0\u00bbdefault\u00a0\u00bb][et_pb_image src=\u00a0\u00bbhttps:\/\/pipiaulit.com\/dry4ever\/wp-content\/uploads\/2021\/01\/Bandes4.jpg\u00a0\u00bb title_text=\u00a0\u00bbBandes4&Prime; _builder_version=\u00a0\u00bb4.9.4&Prime; _module_preset=\u00a0\u00bbdefault\u00a0\u00bb box_shadow_style=\u00a0\u00bbpreset2&Prime;][\/et_pb_image][\/et_pb_column][et_pb_column type=\u00a0\u00bb3_5&Prime; _builder_version=\u00a0\u00bb4.9.4&Prime; _module_preset=\u00a0\u00bbdefault\u00a0\u00bb][et_pb_text _builder_version=\u00a0\u00bb4.9.4&Prime; _module_preset=\u00a0\u00bbdefault\u00a0\u00bb text_font_size=\u00a0\u00bb18px\u00a0\u00bb text_line_height=\u00a0\u00bb1.6em\u00a0\u00bb]<\/p>\n<p>Ce ne sont plus des culottes avec une bande d\u00e9tectrice cousue \u00e0 l\u2019int\u00e9rieur.<\/p>\n<p>Maintenant, nous fournissons avec le syst\u00e8me 4 bandes d\u00e9tectrices.<\/p>\n<p>Les bandes vont dans les sous-v\u00eatements de votre enfant ou une couche.<\/p>\n<p>Vous accrochez simplement le petit transmetteur sans fil sur l\u2019\u00e9lastique de son sous-v\u00eatement puis vous fixez une bande aux 2 boutons pression du transmetteur.<\/p>\n<p>[\/et_pb_text][et_pb_button button_url=\u00a0\u00bbhttps:\/\/pipiaulit.com\/dry4ever\/\u00a0\u00bb button_text=\u00a0\u00bbVoir les d\u00e9tails  ou commander\u00a0\u00bb button_alignment=\u00a0\u00bbcenter\u00a0\u00bb _builder_version=\u00a0\u00bb4.9.4&Prime; _module_preset=\u00a0\u00bbdefault\u00a0\u00bb custom_button=\u00a0\u00bbon\u00a0\u00bb button_text_color=\u00a0\u00bb#0C71C3&Prime; locked=\u00a0\u00bboff\u00a0\u00bb][\/et_pb_button][\/et_pb_column][\/et_pb_row][et_pb_row _builder_version=\u00a0\u00bb4.9.4&Prime; _module_preset=\u00a0\u00bbdefault\u00a0\u00bb][et_pb_column type=\u00a0\u00bb4_4&Prime; _builder_version=\u00a0\u00bb4.9.4&Prime; _module_preset=\u00a0\u00bbdefault\u00a0\u00bb][et_pb_divider color=\u00a0\u00bb#0C71C3&Prime; divider_position=\u00a0\u00bbcenter\u00a0\u00bb _builder_version=\u00a0\u00bb4.9.4&Prime; _module_preset=\u00a0\u00bbdefault\u00a0\u00bb custom_margin=\u00a0\u00bb0px||0px||false|false\u00a0\u00bb custom_padding=\u00a0\u00bb0px||0px||false|false\u00a0\u00bb][\/et_pb_divider][\/et_pb_column][\/et_pb_row][et_pb_row column_structure=\u00a0\u00bb3_5,2_5&Prime; _builder_version=\u00a0\u00bb4.9.4&Prime; _module_preset=\u00a0\u00bbdefault\u00a0\u00bb custom_margin=\u00a0\u00bb20px||20px||false|false\u00a0\u00bb][et_pb_column type=\u00a0\u00bb3_5&Prime; _builder_version=\u00a0\u00bb4.9.4&Prime; _module_preset=\u00a0\u00bbdefault\u00a0\u00bb][et_pb_text _builder_version=\u00a0\u00bb4.9.4&Prime; _module_preset=\u00a0\u00bbdefault\u00a0\u00bb text_font_size=\u00a0\u00bb18px\u00a0\u00bb text_line_height=\u00a0\u00bb1.6em\u00a0\u00bb]<\/p>\n<p><strong>Ledoux R\u00e9flexe<\/strong> se sp\u00e9cialise depuis plus de <strong>60 ans<\/strong> (1958) dans le traitement de l\u2019\u00e9nur\u00e9sie nocturne.<\/p>\n<p>Nous avons d\u00e9velopp\u00e9 un programme de suivi avec fiche et graphiques.\u00a0 Gr\u00e2ce \u00e0 ce programme, les parents et l\u2019enfant ont acc\u00e8s \u00e0 divers graphiques leur permettant de mieux suivre l\u2019\u00e9volution du traitement.<\/p>\n<p>Apr\u00e8s chaque demande d\u2019analyse de la fiche (illimit\u00e9e), <strong>St\u00e9phane Ledoux<\/strong> communiquera avec vous afin d\u2019interpr\u00e9ter les r\u00e9sultats et d\u2019\u00e9mettre ses commentaires et recommandations.<\/p>\n<p>Une des recommandations qu\u2019il peut vous donner, de boire avant de se coucher, surprenant n\u2019est-ce pas! Le traitement de l\u2019\u00e9nur\u00e9sie nocturne avec alarme, il connait \u00e7a, il donne support et conseil depuis plus de 40 ans.<\/p>\n<p>[\/et_pb_text][\/et_pb_column][et_pb_column type=\u00a0\u00bb2_5&Prime; _builder_version=\u00a0\u00bb4.9.4&Prime; _module_preset=\u00a0\u00bbdefault\u00a0\u00bb][et_pb_image src=\u00a0\u00bbhttps:\/\/pipiaulit.com\/dry4ever\/wp-content\/uploads\/2021\/05\/Screen-Shot-05-31-17-at-07.18-PM.png\u00a0\u00bb title_text=\u00a0\u00bbScreen-Shot-05-31-17-at-07.18-PM\u00a0\u00bb _builder_version=\u00a0\u00bb4.9.4&Prime; _module_preset=\u00a0\u00bbdefault\u00a0\u00bb box_shadow_style=\u00a0\u00bbpreset2&Prime;][\/et_pb_image][\/et_pb_column][\/et_pb_row][et_pb_row _builder_version=\u00a0\u00bb4.9.4&Prime; _module_preset=\u00a0\u00bbdefault\u00a0\u00bb][et_pb_column type=\u00a0\u00bb4_4&Prime; _builder_version=\u00a0\u00bb4.9.4&Prime; _module_preset=\u00a0\u00bbdefault\u00a0\u00bb][et_pb_image src=\u00a0\u00bbhttps:\/\/pipiaulit.com\/dry4ever\/wp-content\/uploads\/2021\/05\/Graphique-Grandeurs-et-Liquide-1024&#215;490-1.png\u00a0\u00bb title_text=\u00a0\u00bbGraphique-Grandeurs-et-Liquide-1024&#215;490&Prime; align=\u00a0\u00bbcenter\u00a0\u00bb force_fullwidth=\u00a0\u00bbon\u00a0\u00bb _builder_version=\u00a0\u00bb4.9.4&Prime; _module_preset=\u00a0\u00bbdefault\u00a0\u00bb][\/et_pb_image][et_pb_image src=\u00a0\u00bbhttps:\/\/pipiaulit.com\/dry4ever\/wp-content\/uploads\/2021\/05\/Graphique-Heures-1024&#215;280-1.png\u00a0\u00bb title_text=\u00a0\u00bbGraphique-Heures-1024&#215;280&Prime; align=\u00a0\u00bbcenter\u00a0\u00bb force_fullwidth=\u00a0\u00bbon\u00a0\u00bb _builder_version=\u00a0\u00bb4.9.4&Prime; _module_preset=\u00a0\u00bbdefault\u00a0\u00bb][\/et_pb_image][\/et_pb_column][\/et_pb_row][et_pb_row _builder_version=\u00a0\u00bb4.9.4&Prime; _module_preset=\u00a0\u00bbdefault\u00a0\u00bb background_color=\u00a0\u00bb#d9fad9&Prime; use_background_color_gradient=\u00a0\u00bbon\u00a0\u00bb background_color_gradient_start=\u00a0\u00bb#ffffff\u00a0\u00bb background_color_gradient_end=\u00a0\u00bb#38dbf3&Prime; background_color_gradient_start_position=\u00a0\u00bb54%\u00a0\u00bb box_shadow_style=\u00a0\u00bbpreset2&Prime; locked=\u00a0\u00bboff\u00a0\u00bb][et_pb_column type=\u00a0\u00bb4_4&Prime; _builder_version=\u00a0\u00bb4.9.4&Prime; _module_preset=\u00a0\u00bbdefault\u00a0\u00bb][et_pb_text _builder_version=\u00a0\u00bb4.9.4&Prime; _module_preset=\u00a0\u00bbdefault\u00a0\u00bb text_font=\u00a0\u00bb|600|||||||\u00a0\u00bb text_font_size=\u00a0\u00bb24px\u00a0\u00bb text_line_height=\u00a0\u00bb1.8em\u00a0\u00bb header_3_font=\u00a0\u00bb|700||on||||#0C71C3|dashed\u00a0\u00bb header_3_text_color=\u00a0\u00bb#0C71C3&Prime; header_3_font_size=\u00a0\u00bb30px\u00a0\u00bb text_orientation=\u00a0\u00bbcenter\u00a0\u00bb custom_margin=\u00a0\u00bb||12px|||\u00a0\u00bb custom_padding=\u00a0\u00bb24px||14px||false|false\u00a0\u00bb header_3_text_shadow_style=\u00a0\u00bbpreset3&Prime; border_color_top=\u00a0\u00bb#0C71C3&Prime; border_color_bottom=\u00a0\u00bb#0C71C3&Prime;]<\/p>\n<h3>COMMANDER MAINTENANT<\/h3>\n<h3>VOTRE SYST\u00c8ME AVERTISSEUR DRY4EVEr<\/h3>\n<p>[\/et_pb_text][et_pb_button button_url=\u00a0\u00bbhttps:\/\/pipiaulit.com\/dry4ever\/\u00a0\u00bb button_text=\u00a0\u00bbCommander\u00a0\u00bb button_alignment=\u00a0\u00bbcenter\u00a0\u00bb _builder_version=\u00a0\u00bb4.9.4&Prime; _module_preset=\u00a0\u00bbdefault\u00a0\u00bb custom_button=\u00a0\u00bbon\u00a0\u00bb button_text_size=\u00a0\u00bb26px\u00a0\u00bb button_text_color=\u00a0\u00bb#0C71C3&Prime; button_border_width=\u00a0\u00bb3px\u00a0\u00bb button_font=\u00a0\u00bb|700|||||||\u00a0\u00bb locked=\u00a0\u00bboff\u00a0\u00bb][\/et_pb_button][\/et_pb_column][\/et_pb_row][\/et_pb_section]<\/p>\n","protected":false},"excerpt":{"rendered":"<p>MESSAGE IMPORTANT Notre syst\u00e8me avertisseur Dry4ever avec Culottes n&rsquo;est plus disponible.Si vous en avez un en mains, vous pouvez commander les pi\u00e8ces et accessoires compatibles.Voici notre nouveau Syst\u00e8meDry4ever bandes !Un syst\u00e8me avertisseur complet,encore meilleur, plus confortable et flexibleavec des fonctions am\u00e9lior\u00e9es. Mais toujours accompagn\u00e9 de notre expertiseet support avec la Fiche et GraphiquesCe ne sont [&hellip;]<\/p>\n","protected":false},"author":9,"featured_media":0,"parent":0,"menu_order":0,"comment_status":"closed","ping_status":"closed","template":"","meta":{"_et_pb_use_builder":"on","_et_pb_old_content":"","_et_gb_content_width":"","footnotes":""},"class_list":["post-32921","page","type-page","status-publish","hentry"],"_links":{"self":[{"href":"https:\/\/pipiaulit.com\/dry4ever\/wp-json\/wp\/v2\/pages\/32921","targetHints":{"allow":["GET"]}}],"collection":[{"href":"https:\/\/pipiaulit.com\/dry4ever\/wp-json\/wp\/v2\/pages"}],"about":[{"href":"https:\/\/pipiaulit.com\/dry4ever\/wp-json\/wp\/v2\/types\/page"}],"author":[{"embeddable":true,"href":"https:\/\/pipiaulit.com\/dry4ever\/wp-json\/wp\/v2\/users\/9"}],"replies":[{"embeddable":true,"href":"https:\/\/pipiaulit.com\/dry4ever\/wp-json\/wp\/v2\/comments?post=32921"}],"version-history":[{"count":13,"href":"https:\/\/pipiaulit.com\/dry4ever\/wp-json\/wp\/v2\/pages\/32921\/revisions"}],"predecessor-version":[{"id":32960,"href":"https:\/\/pipiaulit.com\/dry4ever\/wp-json\/wp\/v2\/pages\/32921\/revisions\/32960"}],"wp:attachment":[{"href":"https:\/\/pipiaulit.com\/dry4ever\/wp-json\/wp\/v2\/media?parent=32921"}],"curies":[{"name":"wp","href":"https:\/\/api.w.org\/{rel}","templated":true}]}}